{"id":864,"date":"2024-10-28T11:30:35","date_gmt":"2024-10-28T10:30:35","guid":{"rendered":"https:\/\/tetos.pl\/?page_id=864"},"modified":"2024-10-28T11:39:22","modified_gmt":"2024-10-28T10:39:22","slug":"obowiazek-informacyjny-dla-akcjonariuszy","status":"publish","type":"page","link":"https:\/\/tetos.pl\/?page_id=864","title":{"rendered":"Obowi\u0105zek informacyjny dla akcjonariuszy"},"content":{"rendered":"\t\t<div data-elementor-type=\"wp-page\" data-elementor-id=\"864\" class=\"elementor elementor-864\">\n\t\t\t\t<div class=\"elementor-element elementor-element-49d7bc0 e-flex e-con-boxed e-con e-parent\" data-id=\"49d7bc0\" data-element_type=\"container\" data-e-type=\"container\">\n\t\t\t\t\t<div class=\"e-con-inner\">\n\t\t\t\t<div class=\"elementor-element elementor-element-2547e53 elementor-widget elementor-widget-heading\" data-id=\"2547e53\" data-element_type=\"widget\" data-e-type=\"widget\" data-widget_type=\"heading.default\">\n\t\t\t\t<div class=\"elementor-widget-container\">\n\t\t\t\t\t<h2 class=\"elementor-heading-title elementor-size-default\">OBOWI\u0104ZEK INFORMACYJNY\nDLA AKCJONARIUSZY<\/h2>\t\t\t\t<\/div>\n\t\t\t\t<\/div>\n\t\t\t\t\t<\/div>\n\t\t\t\t<\/div>\n\t\t<div class=\"elementor-element elementor-element-d4dc5c2 e-flex e-con-boxed e-con e-parent\" data-id=\"d4dc5c2\" data-element_type=\"container\" data-e-type=\"container\">\n\t\t\t\t\t<div class=\"e-con-inner\">\n\t\t\t\t<div class=\"elementor-element elementor-element-570153d elementor-widget-divider--view-line elementor-widget elementor-widget-divider\" data-id=\"570153d\" data-element_type=\"widget\" data-e-type=\"widget\" data-widget_type=\"divider.default\">\n\t\t\t\t<div class=\"elementor-widget-container\">\n\t\t\t\t\t\t\t<div class=\"elementor-divider\">\n\t\t\t<span class=\"elementor-divider-separator\">\n\t\t\t\t\t\t<\/span>\n\t\t<\/div>\n\t\t\t\t\t\t<\/div>\n\t\t\t\t<\/div>\n\t\t\t\t\t<\/div>\n\t\t\t\t<\/div>\n\t\t<div class=\"elementor-element elementor-element-bc08dac e-flex e-con-boxed e-con e-parent\" data-id=\"bc08dac\" data-element_type=\"container\" data-e-type=\"container\">\n\t\t\t\t\t<div class=\"e-con-inner\">\n\t\t\t\t<div class=\"elementor-element elementor-element-0a2cce8 elementor-widget elementor-widget-text-editor\" data-id=\"0a2cce8\" data-element_type=\"widget\" data-e-type=\"widget\" data-widget_type=\"text-editor.default\">\n\t\t\t\t<div class=\"elementor-widget-container\">\n\t\t\t\t\t\t\t\t\t<p style=\"text-align: center;\"><strong>OBOWI\u0104ZEK INFORMACYJNY DLA AKCONARIUSZY TETOS S.A.<\/strong><br \/><strong>KTO JEST ADMINISTRATOREM PANSTWA DANYCH OSOBOWYCH I JAK MO\u017bNA SI\u0118 Z NAMI SKONTAKTOWA\u0106?<\/strong><\/p><p style=\"text-align: left;\"><br \/>Administratorem Pa\u0144stwa danych osobowych jest TETOS S.A. z siedzib\u0105 w Poznaniu, kod: 60-198, poczta: Pozna\u0144, ul. Pastelowa 16, zarejestrowana w rejestrze przedsi\u0119biorc\u00f3w Krajowego Rejestru S\u0105dowego pod numerem KRS 0000025868 w S\u0105dzie Rejonowym Pozna\u0144 \u2013 Nowe Miasto i Wilda nr wydzia\u0142u: VIII Wydzia\u0142 Gospodarczy &#8211; Krajowego Rejestru S\u0105dowego, z kapita\u0142em zak\u0142adowym op\u0142aconym w ca\u0142o\u015bci w wysoko\u015bci 502.634,00 z\u0142, NIP: 781-00-64-722. Je\u015bli macie Pa\u0144stwo pytania dotycz\u0105ce przetwarzania Pa\u0144stwa danych osobowych oraz przys\u0142uguj\u0105cych Pa\u0144stwu praw, skontaktuj si\u0119 z naszym Inspektorem Ochrony Danych: iod@tetos.pl<\/p><p style=\"text-align: center;\"><br \/><strong>W JAKIM CELU, NA JAKIEJ PODSTAWIE PRAWNEJ I PRZEZ JAKI CZAS PRZETWARZAMY PA\u0143STWA DANE<\/strong><br \/><strong>OSOBOWE?<\/strong><\/p><p style=\"text-align: left;\"><br \/>Przetwarzamy Pa\u0144stwa dane osobowe, w celu realizacji zada\u0144 zwi\u0105zanych z obs\u0142ug\u0105 os\u00f3b fizycznych, b\u0119d\u0105cych akcjonariuszami sp\u00f3\u0142ki TETOS S.A. w tym w szczeg\u00f3lno\u015bci w celu:<\/p><p style=\"text-align: left;\"><br \/>1) przeprowadzenia Walnego Zgromadzenia Akcjonariuszy;<br \/>2) sporz\u0105dzenia listy Akcjonariuszy oraz<br \/>3) realizacji innych obowi\u0105zk\u00f3w spoczywaj\u0105cych na TETOS S.A.,<br \/>wynikaj\u0105cych z przepis\u00f3w prawa m.in. Kodeksu sp\u00f3\u0142ek handlowych, Ustawy o Krajowym Rejestrze S\u0105dowym,<br \/>Statutu Sp\u00f3\u0142ki oraz innych.<\/p><p style=\"text-align: left;\">Pa\u0144stwa dane osobowe przetwarzane s\u0105 na podstawie:<br \/><br \/>1) art. 6 ust. 1 lit. c) RODO \u2013 przetwarzanie jest niezb\u0119dne do wype\u0142nienia obowi\u0105zku prawnego ci\u0105\u017c\u0105cego na Administratorze;<br \/>2) art. 6 ust.1 lit. f) RODO \u2013 realizacja prawnie uzasadnionych interes\u00f3w Administratora w szczeg\u00f3lno\u015bci<br \/>zwi\u0105zanych z umo\u017cliwieniem kontaktu z akcjonariuszami, weryfikacj\u0105 ich to\u017csamo\u015bci oraz ewentualnym<br \/>dochodzeniem lub odpieraniem roszcze\u0144 oraz<br \/>3) art. 6 ust. 1 lit. a) RODO \u2013 zgody na przetwarzanie wizerunku. Dane te przetwarzamy przez okres przewidziany przepisami prawa. Dane te przetwarzamy do momentu przedawnienia ewentualnych roszcze\u0144 okre\u015blonych przepisami prawa.<\/p><p>\u00a0<\/p><p style=\"text-align: center;\"><strong>KOMU UDOST\u0118PNIAMY PA\u0143STWA DANE OSOBOWE?<\/strong><\/p><p>\u00a0<\/p><p style=\"text-align: left;\">Pa\u0144stwa dane osobowe mog\u0105 zosta\u0107 przekazane na nasze zlecenie podmiotom, kt\u00f3re je przetwarzaj\u0105,<br \/>a w szczeg\u00f3lno\u015bci:<br \/><br \/>1) innym Akcjonariuszom w zwi\u0105zku z ich prawem do przegl\u0105dania Rejestru Akcjonariuszy;<br \/>2) podmiotom prowadz\u0105cym dzia\u0142alno\u015b\u0107 pocztow\u0105, kuriersk\u0105, p\u0142atnicz\u0105, prawnicz\u0105, ubezpieczeniow\u0105 i audytow\u0105;<br \/>3) dostawcom us\u0142ug IT lub firmom informatycznym w tym m.in. firmom obs\u0142uguj\u0105cym systemy informatyczne<br \/>wykorzystywane na potrzeby realizacji cel\u00f3w wy\u017cej wskazanych.<\/p><p style=\"text-align: left;\"><br \/><strong>JAKIE S\u0104 PA\u0143STWA PRAWA W ZWI\u0104ZKU Z PRZETWARZANIEM PRZEZ NAS PA\u0143STWA DANYCH OSOBOWYCH?<\/strong><\/p><p style=\"text-align: left;\"><br \/>Maj\u0105 Pa\u0144stwo prawo uzyska\u0107 dost\u0119p do tre\u015bci Pa\u0144stwa danych, kt\u00f3re s\u0105 przetwarzane, ich sprostowania, ograniczenia przetwarzania, wniesienia sprzeciwu wobec przetwarzania danych, przenoszenia danych oraz ich usuni\u0119cia (w sytuacji, gdy Pa\u0144stwa dane osobowe przestan\u0105 by\u0107 niezb\u0119dne do cel\u00f3w, w kt\u00f3rych zosta\u0142y zebrane lub w kt\u00f3rych by\u0142y przetwarzane, gdy Pa\u0144stwa dane osobowe s\u0105 przetwarzane niezgodnie z prawem lub gdy wycofaj\u0105 Pa\u0144stwo zgod\u0119 na rozpowszechnianie Pa\u0144stwa wizerunku). Przys\u0142uguje Pa\u0144stwu r\u00f3wnie\u017c prawo wniesienia skargi do organu nadzorczego, gdy uznaj\u0105 Pa\u0144stwo, \u017ce przetwarzanie Pa\u0144stwa danych osobowych narusza przepisy obowi\u0105zuj\u0105cego prawa. W przypadku, w kt\u00f3rym Pa\u0144stwa dane s\u0105 przetwarzane na podstawie udzielonej przez Pa\u0144stwa zgody, wycofanie zgody nie wp\u0142ywa na zgodno\u015b\u0107 z prawem przetwarzania, kt\u00f3rego dokonano na podstawie udzielonej przez Pa\u0144stwa zgody przed jej wycofaniem.<\/p>\t\t\t\t\t\t\t\t<\/div>\n\t\t\t\t<\/div>\n\t\t\t\t\t<\/div>\n\t\t\t\t<\/div>\n\t\t\t\t<\/div>\n\t\t","protected":false},"excerpt":{"rendered":"<p>OBOWI\u0104ZEK INFORMACYJNY DLA AKCJONARIUSZY OBOWI\u0104ZEK INFORMACYJNY DLA AKCONARIUSZY TETOS S.A.KTO JEST ADMINISTRATOREM PANSTWA DANYCH OSOBOWYCH I JAK MO\u017bNA SI\u0118 Z NAMI SKONTAKTOWA\u0106? Administratorem Pa\u0144stwa danych osobowych jest TETOS S.A. z siedzib\u0105 w Poznaniu, kod: 60-198, poczta: Pozna\u0144, ul. Pastelowa 16, zarejestrowana w rejestrze przedsi\u0119biorc\u00f3w Krajowego Rejestru S\u0105dowego pod numerem KRS 0000025868 w S\u0105dzie Rejonowym Pozna\u0144 [&hellip;]<\/p>\n","protected":false},"author":1,"featured_media":0,"parent":0,"menu_order":0,"comment_status":"closed","ping_status":"closed","template":"elementor_header_footer","meta":{"footnotes":""},"class_list":["post-864","page","type-page","status-publish","hentry"],"yoast_head":"<!-- This site is optimized with the Yoast SEO plugin v27.3 - https:\/\/yoast.com\/product\/yoast-seo-wordpress\/ -->\n<title>Obowi\u0105zek informacyjny dla akcjonariuszy - TETOS SA<\/title>\n<meta name=\"robots\" content=\"index, follow, max-snippet:-1, max-image-preview:large, max-video-preview:-1\" \/>\n<link rel=\"canonical\" href=\"https:\/\/tetos.pl\/?page_id=864\" \/>\n<meta property=\"og:locale\" content=\"pl_PL\" \/>\n<meta property=\"og:type\" content=\"article\" \/>\n<meta property=\"og:title\" content=\"Obowi\u0105zek informacyjny dla akcjonariuszy - TETOS SA\" \/>\n<meta property=\"og:description\" content=\"OBOWI\u0104ZEK INFORMACYJNY DLA AKCJONARIUSZY OBOWI\u0104ZEK INFORMACYJNY DLA AKCONARIUSZY TETOS S.A.KTO JEST ADMINISTRATOREM PANSTWA DANYCH OSOBOWYCH I JAK MO\u017bNA SI\u0118 Z NAMI SKONTAKTOWA\u0106? Administratorem Pa\u0144stwa danych osobowych jest TETOS S.A. z siedzib\u0105 w Poznaniu, kod: 60-198, poczta: Pozna\u0144, ul. Pastelowa 16, zarejestrowana w rejestrze przedsi\u0119biorc\u00f3w Krajowego Rejestru S\u0105dowego pod numerem KRS 0000025868 w S\u0105dzie Rejonowym Pozna\u0144 [&hellip;]\" \/>\n<meta property=\"og:url\" content=\"https:\/\/tetos.pl\/?page_id=864\" \/>\n<meta property=\"og:site_name\" content=\"TETOS SA\" \/>\n<meta property=\"article:modified_time\" content=\"2024-10-28T10:39:22+00:00\" \/>\n<meta property=\"og:image\" content=\"https:\/\/tetos.pl\/wp-content\/uploads\/2024\/10\/header_mobile.webp\" \/>\n\t<meta property=\"og:image:width\" content=\"1500\" \/>\n\t<meta property=\"og:image:height\" content=\"1023\" \/>\n\t<meta property=\"og:image:type\" content=\"image\/webp\" \/>\n<meta name=\"twitter:card\" content=\"summary_large_image\" \/>\n<meta name=\"twitter:label1\" content=\"Szacowany czas czytania\" \/>\n\t<meta name=\"twitter:data1\" content=\"3 minuty\" \/>\n<script type=\"application\/ld+json\" class=\"yoast-schema-graph\">{\"@context\":\"https:\\\/\\\/schema.org\",\"@graph\":[{\"@type\":\"WebPage\",\"@id\":\"https:\\\/\\\/tetos.pl\\\/?page_id=864\",\"url\":\"https:\\\/\\\/tetos.pl\\\/?page_id=864\",\"name\":\"Obowi\u0105zek informacyjny dla akcjonariuszy - TETOS SA\",\"isPartOf\":{\"@id\":\"https:\\\/\\\/tetos.pl\\\/#website\"},\"datePublished\":\"2024-10-28T10:30:35+00:00\",\"dateModified\":\"2024-10-28T10:39:22+00:00\",\"breadcrumb\":{\"@id\":\"https:\\\/\\\/tetos.pl\\\/?page_id=864#breadcrumb\"},\"inLanguage\":\"pl-PL\",\"potentialAction\":[{\"@type\":\"ReadAction\",\"target\":[\"https:\\\/\\\/tetos.pl\\\/?page_id=864\"]}]},{\"@type\":\"BreadcrumbList\",\"@id\":\"https:\\\/\\\/tetos.pl\\\/?page_id=864#breadcrumb\",\"itemListElement\":[{\"@type\":\"ListItem\",\"position\":1,\"name\":\"Strona g\u0142\u00f3wna\",\"item\":\"https:\\\/\\\/tetos.pl\\\/\"},{\"@type\":\"ListItem\",\"position\":2,\"name\":\"Obowi\u0105zek informacyjny dla akcjonariuszy\"}]},{\"@type\":\"WebSite\",\"@id\":\"https:\\\/\\\/tetos.pl\\\/#website\",\"url\":\"https:\\\/\\\/tetos.pl\\\/\",\"name\":\"TETOS SA\",\"description\":\"\",\"potentialAction\":[{\"@type\":\"SearchAction\",\"target\":{\"@type\":\"EntryPoint\",\"urlTemplate\":\"https:\\\/\\\/tetos.pl\\\/?s={search_term_string}\"},\"query-input\":{\"@type\":\"PropertyValueSpecification\",\"valueRequired\":true,\"valueName\":\"search_term_string\"}}],\"inLanguage\":\"pl-PL\"}]}<\/script>\n<!-- \/ Yoast SEO plugin. -->","yoast_head_json":{"title":"Obowi\u0105zek informacyjny dla akcjonariuszy - TETOS SA","robots":{"index":"index","follow":"follow","max-snippet":"max-snippet:-1","max-image-preview":"max-image-preview:large","max-video-preview":"max-video-preview:-1"},"canonical":"https:\/\/tetos.pl\/?page_id=864","og_locale":"pl_PL","og_type":"article","og_title":"Obowi\u0105zek informacyjny dla akcjonariuszy - TETOS SA","og_description":"OBOWI\u0104ZEK INFORMACYJNY DLA AKCJONARIUSZY OBOWI\u0104ZEK INFORMACYJNY DLA AKCONARIUSZY TETOS S.A.KTO JEST ADMINISTRATOREM PANSTWA DANYCH OSOBOWYCH I JAK MO\u017bNA SI\u0118 Z NAMI SKONTAKTOWA\u0106? Administratorem Pa\u0144stwa danych osobowych jest TETOS S.A. z siedzib\u0105 w Poznaniu, kod: 60-198, poczta: Pozna\u0144, ul. Pastelowa 16, zarejestrowana w rejestrze przedsi\u0119biorc\u00f3w Krajowego Rejestru S\u0105dowego pod numerem KRS 0000025868 w S\u0105dzie Rejonowym Pozna\u0144 [&hellip;]","og_url":"https:\/\/tetos.pl\/?page_id=864","og_site_name":"TETOS SA","article_modified_time":"2024-10-28T10:39:22+00:00","og_image":[{"width":1500,"height":1023,"url":"https:\/\/tetos.pl\/wp-content\/uploads\/2024\/10\/header_mobile.webp","type":"image\/webp"}],"twitter_card":"summary_large_image","twitter_misc":{"Szacowany czas czytania":"3 minuty"},"schema":{"@context":"https:\/\/schema.org","@graph":[{"@type":"WebPage","@id":"https:\/\/tetos.pl\/?page_id=864","url":"https:\/\/tetos.pl\/?page_id=864","name":"Obowi\u0105zek informacyjny dla akcjonariuszy - TETOS SA","isPartOf":{"@id":"https:\/\/tetos.pl\/#website"},"datePublished":"2024-10-28T10:30:35+00:00","dateModified":"2024-10-28T10:39:22+00:00","breadcrumb":{"@id":"https:\/\/tetos.pl\/?page_id=864#breadcrumb"},"inLanguage":"pl-PL","potentialAction":[{"@type":"ReadAction","target":["https:\/\/tetos.pl\/?page_id=864"]}]},{"@type":"BreadcrumbList","@id":"https:\/\/tetos.pl\/?page_id=864#breadcrumb","itemListElement":[{"@type":"ListItem","position":1,"name":"Strona g\u0142\u00f3wna","item":"https:\/\/tetos.pl\/"},{"@type":"ListItem","position":2,"name":"Obowi\u0105zek informacyjny dla akcjonariuszy"}]},{"@type":"WebSite","@id":"https:\/\/tetos.pl\/#website","url":"https:\/\/tetos.pl\/","name":"TETOS SA","description":"","potentialAction":[{"@type":"SearchAction","target":{"@type":"EntryPoint","urlTemplate":"https:\/\/tetos.pl\/?s={search_term_string}"},"query-input":{"@type":"PropertyValueSpecification","valueRequired":true,"valueName":"search_term_string"}}],"inLanguage":"pl-PL"}]}},"_links":{"self":[{"href":"https:\/\/tetos.pl\/index.php?rest_route=\/wp\/v2\/pages\/864","targetHints":{"allow":["GET"]}}],"collection":[{"href":"https:\/\/tetos.pl\/index.php?rest_route=\/wp\/v2\/pages"}],"about":[{"href":"https:\/\/tetos.pl\/index.php?rest_route=\/wp\/v2\/types\/page"}],"author":[{"embeddable":true,"href":"https:\/\/tetos.pl\/index.php?rest_route=\/wp\/v2\/users\/1"}],"replies":[{"embeddable":true,"href":"https:\/\/tetos.pl\/index.php?rest_route=%2Fwp%2Fv2%2Fcomments&post=864"}],"version-history":[{"count":7,"href":"https:\/\/tetos.pl\/index.php?rest_route=\/wp\/v2\/pages\/864\/revisions"}],"predecessor-version":[{"id":871,"href":"https:\/\/tetos.pl\/index.php?rest_route=\/wp\/v2\/pages\/864\/revisions\/871"}],"wp:attachment":[{"href":"https:\/\/tetos.pl\/index.php?rest_route=%2Fwp%2Fv2%2Fmedia&parent=864"}],"curies":[{"name":"wp","href":"https:\/\/api.w.org\/{rel}","templated":true}]}}