{"id":850,"date":"2024-10-24T13:29:10","date_gmt":"2024-10-24T11:29:10","guid":{"rendered":"https:\/\/tetos.pl\/?page_id=850"},"modified":"2024-10-29T10:31:32","modified_gmt":"2024-10-29T09:31:32","slug":"obowiazek-informacyjny-2","status":"publish","type":"page","link":"https:\/\/tetos.pl\/?page_id=850","title":{"rendered":"Obowi\u0105zek informacyjny"},"content":{"rendered":"\t\t<div data-elementor-type=\"wp-page\" data-elementor-id=\"850\" class=\"elementor elementor-850\">\n\t\t\t\t<div class=\"elementor-element elementor-element-49d7bc0 e-flex e-con-boxed e-con e-parent\" data-id=\"49d7bc0\" data-element_type=\"container\" data-e-type=\"container\">\n\t\t\t\t\t<div class=\"e-con-inner\">\n\t\t\t\t<div class=\"elementor-element elementor-element-2547e53 elementor-widget elementor-widget-heading\" data-id=\"2547e53\" data-element_type=\"widget\" data-e-type=\"widget\" data-widget_type=\"heading.default\">\n\t\t\t\t<div class=\"elementor-widget-container\">\n\t\t\t\t\t<h2 class=\"elementor-heading-title elementor-size-default\">OBOWI\u0104ZEK INFORMACYJNY<\/h2>\t\t\t\t<\/div>\n\t\t\t\t<\/div>\n\t\t\t\t\t<\/div>\n\t\t\t\t<\/div>\n\t\t<div class=\"elementor-element elementor-element-d4dc5c2 e-flex e-con-boxed e-con e-parent\" data-id=\"d4dc5c2\" data-element_type=\"container\" data-e-type=\"container\">\n\t\t\t\t\t<div class=\"e-con-inner\">\n\t\t\t\t<div class=\"elementor-element elementor-element-570153d elementor-widget-divider--view-line elementor-widget elementor-widget-divider\" data-id=\"570153d\" data-element_type=\"widget\" data-e-type=\"widget\" data-widget_type=\"divider.default\">\n\t\t\t\t<div class=\"elementor-widget-container\">\n\t\t\t\t\t\t\t<div class=\"elementor-divider\">\n\t\t\t<span class=\"elementor-divider-separator\">\n\t\t\t\t\t\t<\/span>\n\t\t<\/div>\n\t\t\t\t\t\t<\/div>\n\t\t\t\t<\/div>\n\t\t\t\t\t<\/div>\n\t\t\t\t<\/div>\n\t\t<div class=\"elementor-element elementor-element-bc08dac e-flex e-con-boxed e-con e-parent\" data-id=\"bc08dac\" data-element_type=\"container\" data-e-type=\"container\">\n\t\t\t\t\t<div class=\"e-con-inner\">\n\t\t\t\t<div class=\"elementor-element elementor-element-0a2cce8 elementor-widget elementor-widget-text-editor\" data-id=\"0a2cce8\" data-element_type=\"widget\" data-e-type=\"widget\" data-widget_type=\"text-editor.default\">\n\t\t\t\t<div class=\"elementor-widget-container\">\n\t\t\t\t\t\t\t\t\t<p style=\"text-align: center;\"><strong>OBOWI\u0104ZEK INFORMACYJNY KTO JEST ADMINISTRATOREM TWOICH DANYCH OSOBOWYCH I JAK<\/strong><br \/><strong>MO\u017bESZ SI\u0118 Z NAMI SKONTAKTOWA\u0106?<\/strong><\/p><p style=\"text-align: left;\"><br \/>Administratorem Twoich danych osobowych jest TETOS S.A. z siedzib\u0105 w Poznaniu, kod: 60-198, poczta: Pozna\u0144, ul. Pastelowa 16, zarejestrowana w rejestrze przedsi\u0119biorc\u00f3w Krajowego Rejestru S\u0105dowego pod numerem KRS 0000025868 w S\u0105dzie Rejonowym Pozna\u0144 \u2013 Nowe Miasto i Wilda, VIII Wydzia\u0142 Gospodarczy &#8211; Krajowego Rejestru S\u0105dowego, z kapita\u0142em zak\u0142adowym op\u0142aconym w ca\u0142o\u015bci w wysoko\u015bci 502.634,00 z\u0142, NIP: 781-00-64-722. Je\u015bli masz pytania dotycz\u0105ce przetwarzania Twoich danych osobowych oraz przys\u0142uguj\u0105cych Ci praw, skontaktuj si\u0119 z naszym Inspektorem Ochrony Danych: iod@tetos.pl<\/p><p style=\"text-align: center;\"><br \/><strong>W JAKIM CELU, NA JAKIEJ PODSTAWIE PRAWNEJ I PRZEZ JAKI CZAS PRZETWARZAMY TWOJE DANE OSOBOWE?<\/strong><\/p><p style=\"text-align: left;\"><br \/>Przetwarzamy Twoje dane osobowe w celu:<br \/>1) zawarcia z Tob\u0105 umowy cywilnoprawnej i wykonania jej. Podstaw\u0105 prawn\u0105 ich przetwarzania jest umowa (6 ust. 1 lit. b RODO). Dane te przetwarzamy do czasu jej zrealizowania, a p\u00f3\u017aniej dodatkowo przez okres przedawnienia ewentualnych roszcze\u0144 okre\u015blonych przepisami prawa;<br \/><br \/>2) przedstawienia Ci oferty zawarcia umowy cywilnoprawnej (marketing bezpo\u015bredni). Podstaw\u0105<br \/>prawn\u0105 ich przetwarzania jest nasz prawnie uzasadniony interes (art. 6 ust. 1 lit. f RODO). Polega on na prowadzeniu dzia\u0142a\u0144 marketingowych Sp\u00f3\u0142ki i rozwijaniu jej dzia\u0142alno\u015bci. Dane te przetwarzamy do momentu wniesienia przez Ciebie sprzeciwu;<br \/><br \/>3) korespondencji mailowej, listownej lub telefonicznej. Podstaw\u0105 prawn\u0105 ich przetwarzania jest nasz prawnie uzasadniony interes (art. 6 ust. 1 lit. f RODO). Polega on na mo\u017cliwo\u015bci bie\u017c\u0105cego kontaktu z Tob\u0105 oraz udzieleniu odpowiedzi na Twoje pytania. Dane te przetwarzamy przez okres prowadzenia korespondencji, a p\u00f3\u017aniej dodatkowo przez okres przedawnienia ewentualnych roszcze\u0144 okre\u015blonych przepisami prawa;<br \/><br \/>4) wykonania ci\u0105\u017c\u0105cych na nas obowi\u0105zk\u00f3w ksi\u0119gowo-podatkowych. Podstaw\u0105 prawn\u0105 ich przetwarzania s\u0105 obowi\u0105zuj\u0105ce przepisy prawa (art. 6 ust. 1 lit. c RODO). Dane te przetwarzamy do momentu wskazanego w tych przepisach;<br \/><br \/>5) ustalenia roszcze\u0144, obrony przed nimi i ich dochodzenia. Podstaw\u0105 prawn\u0105 ich przetwarzania jest nasz prawnie uzasadniony interes (art. 6 ust. 1 lit. f RODO). Polega on na mo\u017cliwo\u015bci ustalenia roszcze\u0144, obrony przed nimi i ich dochodzenia. Dane te przetwarzamy do momentu przedawnienia ewentualnych roszcze\u0144 okre\u015blonych przepisami prawa;<br \/><br \/>6) rekrutacji pracownik\u00f3w. Podstawami prawnymi przetwarzania Twoich danych s\u0105: <br \/><br \/>a) Kodeks pracy \u2013 w zakresie imienia (imion), nazwiska, imion rodzic\u00f3w, daty urodzenia, miejsca zamieszkania (adresu do korespondencji), wykszta\u0142cenia oraz przebiegu dotychczasowego zatrudnienia (art. 6 ust. 1 lit. c RODO), <br \/><br \/>b) Twoja zgoda, je\u015bli dokumenty aplikacyjne zawieraj\u0105 inne dane osobowe ni\u017c w\/w (art. 6 ust. 1 lit. a RODO), <br \/><br \/>c) nasz prawnie uzasadniony interes w postaci wyboru odpowiedniego kandydata na dane stanowisko \u2013 w zakresie danych osobowych przekazanych nam w trakcie rozmowy kwalifikacyjnej (art. 6 ust. 1 lit. f RODO), <br \/><br \/>d) Twoja zgoda udzielona na poczet przysz\u0142ych rekrutacji (art. 6 ust. 1 lit. a RODO). Dane te przetwarzamy do zako\u0144czenia danej rekrutacji, a je\u015bli wyrazi\u0142e\u015b zgod\u0119 na kolejne \u2013 dodatkowo przez okres maksymalnie 6 miesi\u0119cy. Ponadto przetwarzamy Tw\u00f3j wizerunek na podstawie wyra\u017conej przez Ciebie zgody (art. 6 ust. 1 lit. a RODO) w celu promocji dzia\u0142a\u0144 prowadzonych przez Administratora. Twoje dane w postaci wizerunku b\u0119d\u0105 przetwarzane do czasu wycofania przez Ciebie zgody.<\/p><p style=\"text-align: center;\"><br \/><strong>KOMU UDOST\u0118PNIAMY TWOJE DANE OSOBOWE?<\/strong><\/p><p style=\"text-align: left;\"><br \/>Twoje dane osobowe mog\u0105 zosta\u0107 przekazane na nasze zlecenie podmiotom, kt\u00f3re je przetwarzaj\u0105, a w szczeg\u00f3lno\u015bci:<br \/><br \/>1) podmiotom powi\u0105zanym kapita\u0142owo i osobowo z Administratorem;<br \/><br \/>2) podmiotom prowadz\u0105cym dzia\u0142alno\u015b\u0107 pocztow\u0105, kuriersk\u0105, p\u0142atnicz\u0105, prawnicz\u0105, ubezpieczeniow\u0105 i audytow\u0105;<br \/><br \/>3) dostawcom us\u0142ug IT lub firmom informatycznym. Na co dzie\u0144 korzystamy z us\u0142ug firm, dzi\u0119ki kt\u00f3rym zapewniamy Ci najwy\u017cszy standard obs\u0142ugi. Twoje dane osobowe mog\u0105 zosta\u0107 im przekazane do przetwarzania na nasze zlecenie. Dzieje si\u0119 tak najcz\u0119\u015bciej w przypadku wsp\u00f3\u0142pracy z konkretnym us\u0142ugodawc\u0105 (np. dostawc\u0105 us\u0142ug przechowywania danych, dostawc\u0105 narz\u0119dzi wykorzystywanych w pracy zdalnej) lub podwykonawc\u0105 (np. agencj\u0105 marketingow\u0105). W takiej sytuacji przekazanie danych nie uprawnia innych podmiot\u00f3w do dowolnego ich przetwarzania, a jedynie do korzystania z nich w celach wyra\u017anie przez nas wskazanych. W \u017cadnym przypadku przekazanie danych nie zwalnia nas jako Administratora Danych Osobowych z odpowiedzialno\u015bci za ich przetwarzanie. Twoje dane mog\u0105 by\u0107 te\u017c przekazywane organom publicznym, ale tylko gdy upowa\u017cniaj\u0105 je do tego obowi\u0105zuj\u0105ce przepisy.<\/p><p style=\"text-align: left;\">Dostawcy Administratora maj\u0105 siedzib\u0119 g\u0142\u00f3wnie w Polsce i w innych krajach Europejskiego Obszaru Gospodarczego (EOG). Niekt\u00f3rzy spo\u015br\u00f3d dostawc\u00f3w maj\u0105 siedzib\u0119 poza terytorium EOG. W zwi\u0105zku z przekazaniem danych U\u017cytkownika poza terytorium EOG, Administrator zadba\u0142, aby dostawcy dawali gwarancj\u0119 wysokiego stopnia ochrony danych osobowych.<br \/><br \/><\/p><p style=\"text-align: center;\"><strong>JAKIE S\u0104 TWOJE PRAWA W ZWI\u0104ZKU Z PRZETWARZANIEM PRZEZ NAS TWOICH DANYCH OSOBOWYCH?<\/strong><\/p><p style=\"text-align: left;\"><br \/>Masz prawo uzyska\u0107 dost\u0119p do tre\u015bci Twoich danych, kt\u00f3re s\u0105 przetwarzane, ich sprostowania, ograniczenia przetwarzania, wniesienia sprzeciwu wobec przetwarzania danych (w tym profilowania dokonywanego za po\u015brednictwem portalu pracuj.pl), przenoszenia danych oraz ich usuni\u0119cia (w sytuacji, gdy Twoje dane osobowe przestan\u0105 by\u0107 niezb\u0119dne do cel\u00f3w, w kt\u00f3rych zosta\u0142y zebrane lub w kt\u00f3rych by\u0142y przetwarzane, gdy Twoje dane osobowe s\u0105 przetwarzane niezgodnie z prawem lub gdy wycofasz zgod\u0119 na rozpowszechnianie Twojego wizerunku). Przys\u0142uguje Ci r\u00f3wnie\u017c prawo wniesienia skargi do organu nadzorczego, gdy uznasz, \u017ce przetwarzanie Twoich danych osobowych narusza przepisy obowi\u0105zuj\u0105cego prawa.<\/p><p style=\"text-align: left;\">W przypadku, w kt\u00f3rym Twoje dane s\u0105 przetwarzane na podstawie udzielonej przez Ciebie zgody, wycofanie zgody nie wp\u0142ywa na zgodno\u015b\u0107 z prawem przetwarzania, kt\u00f3rego dokonano na podstawie udzielonej przez Ciebie zgody przed jej wycofaniem.<\/p><p style=\"text-align: left;\">Podanie danych osobowych w celach marketingowych lub wymiany korespondencji jest dobrowolne. Podanie danych w pozosta\u0142ych przypadkach jest wymagane ustawowo lub jest niezb\u0119dne do zawarcia umowy. Konsekwencj\u0105 odmowy podania danych lub podanie nieprawid\u0142owych danych b\u0119dzie brak mo\u017cliwo\u015bci realizacji cel\u00f3w przetwarzania, o kt\u00f3rych mowa wy\u017cej. Informujemy r\u00f3wnie\u017c, \u017ce w przypadku sk\u0142adania aplikacji za po\u015brednictwem portalu pracuj.pl, niekt\u00f3re Twoje dane osobowe mog\u0105 zosta\u0107 poddane profilowaniu. Polega ono na ocenie (analizie lub prognozie) Twoich kwalifikacji, kt\u00f3re s\u0105 istotne przy wyborze kandydata na dane stanowisko pracy. Nie prowadzi ono do automatycznego podejmowania decyzji co do Twojego udzia\u0142u w rekrutacji lub jej wynik\u00f3w. Profilowanie pomaga nam jedynie podj\u0105\u0107 decyzj\u0119 w przedmiocie wyboru kandydata na dane stanowisko. Oceny dokonujemy na podstawie udzielonych przez Ciebie informacji, np. grupujemy kandydat\u00f3w wg ich do\u015bwiadczenia zawodowego. Takie dzia\u0142anie stanowi nasz prawnie uzasadniony interes, a podstaw\u0105 prawn\u0105 przetwarzania jest tu art. 6 ust. 1 lit. f RODO. Polega na mo\u017cliwo\u015bci wyboru odpowiedniego kandydata na dane stanowisko.<\/p>\t\t\t\t\t\t\t\t<\/div>\n\t\t\t\t<\/div>\n\t\t\t\t\t<\/div>\n\t\t\t\t<\/div>\n\t\t\t\t<\/div>\n\t\t","protected":false},"excerpt":{"rendered":"<p>OBOWI\u0104ZEK INFORMACYJNY OBOWI\u0104ZEK INFORMACYJNY KTO JEST ADMINISTRATOREM TWOICH DANYCH OSOBOWYCH I JAKMO\u017bESZ SI\u0118 Z NAMI SKONTAKTOWA\u0106? Administratorem Twoich danych osobowych jest TETOS S.A. z siedzib\u0105 w Poznaniu, kod: 60-198, poczta: Pozna\u0144, ul. Pastelowa 16, zarejestrowana w rejestrze przedsi\u0119biorc\u00f3w Krajowego Rejestru S\u0105dowego pod numerem KRS 0000025868 w S\u0105dzie Rejonowym Pozna\u0144 \u2013 Nowe Miasto i Wilda, VIII [&hellip;]<\/p>\n","protected":false},"author":1,"featured_media":0,"parent":0,"menu_order":0,"comment_status":"closed","ping_status":"closed","template":"elementor_header_footer","meta":{"footnotes":""},"class_list":["post-850","page","type-page","status-publish","hentry"],"yoast_head":"<!-- This site is optimized with the Yoast SEO plugin v27.3 - https:\/\/yoast.com\/product\/yoast-seo-wordpress\/ -->\n<title>Obowi\u0105zek informacyjny - TETOS SA<\/title>\n<meta name=\"robots\" content=\"index, follow, max-snippet:-1, max-image-preview:large, max-video-preview:-1\" \/>\n<link rel=\"canonical\" href=\"https:\/\/tetos.pl\/?page_id=850\" \/>\n<meta property=\"og:locale\" content=\"pl_PL\" \/>\n<meta property=\"og:type\" content=\"article\" \/>\n<meta property=\"og:title\" content=\"Obowi\u0105zek informacyjny - TETOS SA\" \/>\n<meta property=\"og:description\" content=\"OBOWI\u0104ZEK INFORMACYJNY OBOWI\u0104ZEK INFORMACYJNY KTO JEST ADMINISTRATOREM TWOICH DANYCH OSOBOWYCH I JAKMO\u017bESZ SI\u0118 Z NAMI SKONTAKTOWA\u0106? Administratorem Twoich danych osobowych jest TETOS S.A. z siedzib\u0105 w Poznaniu, kod: 60-198, poczta: Pozna\u0144, ul. Pastelowa 16, zarejestrowana w rejestrze przedsi\u0119biorc\u00f3w Krajowego Rejestru S\u0105dowego pod numerem KRS 0000025868 w S\u0105dzie Rejonowym Pozna\u0144 \u2013 Nowe Miasto i Wilda, VIII [&hellip;]\" \/>\n<meta property=\"og:url\" content=\"https:\/\/tetos.pl\/?page_id=850\" \/>\n<meta property=\"og:site_name\" content=\"TETOS SA\" \/>\n<meta property=\"article:modified_time\" content=\"2024-10-29T09:31:32+00:00\" \/>\n<meta property=\"og:image\" content=\"https:\/\/tetos.pl\/wp-content\/uploads\/2024\/10\/header_mobile.webp\" \/>\n\t<meta property=\"og:image:width\" content=\"1500\" \/>\n\t<meta property=\"og:image:height\" content=\"1023\" \/>\n\t<meta property=\"og:image:type\" content=\"image\/webp\" \/>\n<meta name=\"twitter:card\" content=\"summary_large_image\" \/>\n<meta name=\"twitter:label1\" content=\"Szacowany czas czytania\" \/>\n\t<meta name=\"twitter:data1\" content=\"5 minut\" \/>\n<script type=\"application\/ld+json\" class=\"yoast-schema-graph\">{\"@context\":\"https:\\\/\\\/schema.org\",\"@graph\":[{\"@type\":\"WebPage\",\"@id\":\"https:\\\/\\\/tetos.pl\\\/?page_id=850\",\"url\":\"https:\\\/\\\/tetos.pl\\\/?page_id=850\",\"name\":\"Obowi\u0105zek informacyjny - TETOS SA\",\"isPartOf\":{\"@id\":\"https:\\\/\\\/tetos.pl\\\/#website\"},\"datePublished\":\"2024-10-24T11:29:10+00:00\",\"dateModified\":\"2024-10-29T09:31:32+00:00\",\"breadcrumb\":{\"@id\":\"https:\\\/\\\/tetos.pl\\\/?page_id=850#breadcrumb\"},\"inLanguage\":\"pl-PL\",\"potentialAction\":[{\"@type\":\"ReadAction\",\"target\":[\"https:\\\/\\\/tetos.pl\\\/?page_id=850\"]}]},{\"@type\":\"BreadcrumbList\",\"@id\":\"https:\\\/\\\/tetos.pl\\\/?page_id=850#breadcrumb\",\"itemListElement\":[{\"@type\":\"ListItem\",\"position\":1,\"name\":\"Strona g\u0142\u00f3wna\",\"item\":\"https:\\\/\\\/tetos.pl\\\/\"},{\"@type\":\"ListItem\",\"position\":2,\"name\":\"Obowi\u0105zek informacyjny\"}]},{\"@type\":\"WebSite\",\"@id\":\"https:\\\/\\\/tetos.pl\\\/#website\",\"url\":\"https:\\\/\\\/tetos.pl\\\/\",\"name\":\"TETOS SA\",\"description\":\"\",\"potentialAction\":[{\"@type\":\"SearchAction\",\"target\":{\"@type\":\"EntryPoint\",\"urlTemplate\":\"https:\\\/\\\/tetos.pl\\\/?s={search_term_string}\"},\"query-input\":{\"@type\":\"PropertyValueSpecification\",\"valueRequired\":true,\"valueName\":\"search_term_string\"}}],\"inLanguage\":\"pl-PL\"}]}<\/script>\n<!-- \/ Yoast SEO plugin. -->","yoast_head_json":{"title":"Obowi\u0105zek informacyjny - TETOS SA","robots":{"index":"index","follow":"follow","max-snippet":"max-snippet:-1","max-image-preview":"max-image-preview:large","max-video-preview":"max-video-preview:-1"},"canonical":"https:\/\/tetos.pl\/?page_id=850","og_locale":"pl_PL","og_type":"article","og_title":"Obowi\u0105zek informacyjny - TETOS SA","og_description":"OBOWI\u0104ZEK INFORMACYJNY OBOWI\u0104ZEK INFORMACYJNY KTO JEST ADMINISTRATOREM TWOICH DANYCH OSOBOWYCH I JAKMO\u017bESZ SI\u0118 Z NAMI SKONTAKTOWA\u0106? Administratorem Twoich danych osobowych jest TETOS S.A. z siedzib\u0105 w Poznaniu, kod: 60-198, poczta: Pozna\u0144, ul. Pastelowa 16, zarejestrowana w rejestrze przedsi\u0119biorc\u00f3w Krajowego Rejestru S\u0105dowego pod numerem KRS 0000025868 w S\u0105dzie Rejonowym Pozna\u0144 \u2013 Nowe Miasto i Wilda, VIII [&hellip;]","og_url":"https:\/\/tetos.pl\/?page_id=850","og_site_name":"TETOS SA","article_modified_time":"2024-10-29T09:31:32+00:00","og_image":[{"width":1500,"height":1023,"url":"https:\/\/tetos.pl\/wp-content\/uploads\/2024\/10\/header_mobile.webp","type":"image\/webp"}],"twitter_card":"summary_large_image","twitter_misc":{"Szacowany czas czytania":"5 minut"},"schema":{"@context":"https:\/\/schema.org","@graph":[{"@type":"WebPage","@id":"https:\/\/tetos.pl\/?page_id=850","url":"https:\/\/tetos.pl\/?page_id=850","name":"Obowi\u0105zek informacyjny - TETOS SA","isPartOf":{"@id":"https:\/\/tetos.pl\/#website"},"datePublished":"2024-10-24T11:29:10+00:00","dateModified":"2024-10-29T09:31:32+00:00","breadcrumb":{"@id":"https:\/\/tetos.pl\/?page_id=850#breadcrumb"},"inLanguage":"pl-PL","potentialAction":[{"@type":"ReadAction","target":["https:\/\/tetos.pl\/?page_id=850"]}]},{"@type":"BreadcrumbList","@id":"https:\/\/tetos.pl\/?page_id=850#breadcrumb","itemListElement":[{"@type":"ListItem","position":1,"name":"Strona g\u0142\u00f3wna","item":"https:\/\/tetos.pl\/"},{"@type":"ListItem","position":2,"name":"Obowi\u0105zek informacyjny"}]},{"@type":"WebSite","@id":"https:\/\/tetos.pl\/#website","url":"https:\/\/tetos.pl\/","name":"TETOS SA","description":"","potentialAction":[{"@type":"SearchAction","target":{"@type":"EntryPoint","urlTemplate":"https:\/\/tetos.pl\/?s={search_term_string}"},"query-input":{"@type":"PropertyValueSpecification","valueRequired":true,"valueName":"search_term_string"}}],"inLanguage":"pl-PL"}]}},"_links":{"self":[{"href":"https:\/\/tetos.pl\/index.php?rest_route=\/wp\/v2\/pages\/850","targetHints":{"allow":["GET"]}}],"collection":[{"href":"https:\/\/tetos.pl\/index.php?rest_route=\/wp\/v2\/pages"}],"about":[{"href":"https:\/\/tetos.pl\/index.php?rest_route=\/wp\/v2\/types\/page"}],"author":[{"embeddable":true,"href":"https:\/\/tetos.pl\/index.php?rest_route=\/wp\/v2\/users\/1"}],"replies":[{"embeddable":true,"href":"https:\/\/tetos.pl\/index.php?rest_route=%2Fwp%2Fv2%2Fcomments&post=850"}],"version-history":[{"count":7,"href":"https:\/\/tetos.pl\/index.php?rest_route=\/wp\/v2\/pages\/850\/revisions"}],"predecessor-version":[{"id":895,"href":"https:\/\/tetos.pl\/index.php?rest_route=\/wp\/v2\/pages\/850\/revisions\/895"}],"wp:attachment":[{"href":"https:\/\/tetos.pl\/index.php?rest_route=%2Fwp%2Fv2%2Fmedia&parent=850"}],"curies":[{"name":"wp","href":"https:\/\/api.w.org\/{rel}","templated":true}]}}