{"id":619,"date":"2024-10-15T10:35:47","date_gmt":"2024-10-15T08:35:47","guid":{"rendered":"https:\/\/tetos.pl\/?page_id=619"},"modified":"2024-10-29T10:31:20","modified_gmt":"2024-10-29T09:31:20","slug":"polityka-cookies","status":"publish","type":"page","link":"https:\/\/tetos.pl\/?page_id=619","title":{"rendered":"Polityka Cookies"},"content":{"rendered":"\t\t<div data-elementor-type=\"wp-page\" data-elementor-id=\"619\" class=\"elementor elementor-619\">\n\t\t\t\t<div class=\"elementor-element elementor-element-49d7bc0 e-flex e-con-boxed e-con e-parent\" data-id=\"49d7bc0\" data-element_type=\"container\" data-e-type=\"container\">\n\t\t\t\t\t<div class=\"e-con-inner\">\n\t\t\t\t<div class=\"elementor-element elementor-element-2547e53 elementor-widget elementor-widget-heading\" data-id=\"2547e53\" data-element_type=\"widget\" data-e-type=\"widget\" data-widget_type=\"heading.default\">\n\t\t\t\t<div class=\"elementor-widget-container\">\n\t\t\t\t\t<h2 class=\"elementor-heading-title elementor-size-default\">POLITYKA COOKIES<\/h2>\t\t\t\t<\/div>\n\t\t\t\t<\/div>\n\t\t\t\t\t<\/div>\n\t\t\t\t<\/div>\n\t\t<div class=\"elementor-element elementor-element-d4dc5c2 e-flex e-con-boxed e-con e-parent\" data-id=\"d4dc5c2\" data-element_type=\"container\" data-e-type=\"container\">\n\t\t\t\t\t<div class=\"e-con-inner\">\n\t\t\t\t<div class=\"elementor-element elementor-element-570153d elementor-widget-divider--view-line elementor-widget elementor-widget-divider\" data-id=\"570153d\" data-element_type=\"widget\" data-e-type=\"widget\" data-widget_type=\"divider.default\">\n\t\t\t\t<div class=\"elementor-widget-container\">\n\t\t\t\t\t\t\t<div class=\"elementor-divider\">\n\t\t\t<span class=\"elementor-divider-separator\">\n\t\t\t\t\t\t<\/span>\n\t\t<\/div>\n\t\t\t\t\t\t<\/div>\n\t\t\t\t<\/div>\n\t\t\t\t\t<\/div>\n\t\t\t\t<\/div>\n\t\t<div class=\"elementor-element elementor-element-bc08dac e-flex e-con-boxed e-con e-parent\" data-id=\"bc08dac\" data-element_type=\"container\" data-e-type=\"container\">\n\t\t\t\t\t<div class=\"e-con-inner\">\n\t\t\t\t<div class=\"elementor-element elementor-element-0a2cce8 elementor-widget elementor-widget-text-editor\" data-id=\"0a2cce8\" data-element_type=\"widget\" data-e-type=\"widget\" data-widget_type=\"text-editor.default\">\n\t\t\t\t<div class=\"elementor-widget-container\">\n\t\t\t\t\t\t\t\t\t<h3>Polityka plik\u00f3w &#8222;cookies&#8221;<\/h3>\n<p>Niniejsza Polityka dotyczy plik\u00f3w &#8222;cookies&#8221; i odnosi si\u0119 do strony internetowej, kt\u00f3rej Operatorem jest TETOS S.A. z siedzib\u0105 w Poznaniu, Ul. Pastelowa 16, 60-198 Pozna\u0144, zarejestrowana w rejestrze przedsi\u0119biorc\u00f3w Krajowego Rejestru S\u0105dowego pod numerem KRS 0000025868 w S\u0105dzie Rejonowym Pozna\u0144 \u2013 Nowe Miasto i Wilda, VIII Wydzia\u0142 Gospodarczy &#8211; Krajowego Rejestru S\u0105dowego, z kapita\u0142em zak\u0142adowym op\u0142aconym w ca\u0142o\u015bci w wysoko\u015bci 502.634,00 z\u0142, NIP: 781-00-64-722.<\/p>\n<p><\/p>\n<h3><br><\/h3><h3>Czym s\u0105 pliki &#8222;cookies&#8221;?<\/h3>\n<p>Poprzez pliki &#8222;cookies&#8221; nale\u017cy rozumie\u0107 dane informatyczne, w szczeg\u00f3lno\u015bci pliki tekstowe, przechowywane w urz\u0105dzeniach ko\u0144cowych u\u017cytkownik\u00f3w, przeznaczone do korzystania ze stron internetowych. Pliki te pozwalaj\u0105 rozpozna\u0107 urz\u0105dzenie u\u017cytkownika i odpowiednio wy\u015bwietli\u0107 stron\u0119 internetow\u0105 dostosowan\u0105 do jego indywidualnych preferencji. &#8222;Cookies&#8221; zazwyczaj zawieraj\u0105 nazw\u0119 strony internetowej, z kt\u00f3rej pochodz\u0105, czas przechowywania ich na urz\u0105dzeniu ko\u0144cowym oraz unikalny numer.<\/p>\n<h3>&nbsp;<\/h3>\n<h3>Do czego u\u017cywamy plik\u00f3w &#8222;cookies&#8221;?<\/h3>\n<p>Pliki &#8222;cookies&#8221; u\u017cywamy w celu:<\/p>\n<ul>\n<li>dostosowania zawarto\u015bci stron internetowych Serwisu do preferencji U\u017cytkownika oraz optymalizacji korzystania ze stron internetowych; w szczeg\u00f3lno\u015bci pliki te pozwalaj\u0105 rozpozna\u0107 urz\u0105dzenie U\u017cytkownika Serwisu i odpowiednio wy\u015bwietli\u0107 stron\u0119 internetow\u0105, dostosowan\u0105 do jego indywidualnych potrzeb<\/li>\n<li>utrzymania sesji U\u017cytkownika Serwisu (po zalogowaniu), dzi\u0119ki kt\u00f3rej U\u017cytkownik nie musi na ka\u017cdej podstronie Serwisu ponownie wpisywa\u0107 loginu i has\u0142a.<\/li>\n<\/ul>\n<h3>&nbsp;<\/h3>\n<h3>Jakich plik\u00f3w &#8222;cookies&#8221; u\u017cywamy?<\/h3>\n<p>W ramach stron internetowych stosujemy \u201esesyjne\u201d (session cookies) oraz \u201esta\u0142e\u201d (persistent cookies). &#8222;Cookies&#8221; \u201esesyjne\u201d s\u0105 plikami tymczasowymi, kt\u00f3re przechowywane s\u0105 w urz\u0105dzeniu ko\u0144cowym U\u017cytkownika do czasu wylogowania, opuszczenia strony internetowej lub wy\u0142\u0105czenia oprogramowania (przegl\u0105darki internetowej). \u201eSta\u0142e\u201d pliki &#8222;cookies&#8221; przechowywane s\u0105 w urz\u0105dzeniu ko\u0144cowym U\u017cytkownika przez czas okre\u015blony w parametrach plik\u00f3w &#8222;cookies&#8221; lub do czasu ich usuni\u0119cia przez U\u017cytkownika.<\/p>\n<ul>\n<li>\u201eniezb\u0119dne\u201d pliki &#8222;cookies&#8221;, umo\u017cliwiaj\u0105ce korzystanie z us\u0142ug dost\u0119pnych w ramach stron internetowych, np. uwierzytelniaj\u0105ce pliki &#8222;cookies&#8221; wykorzystywane do us\u0142ug wymagaj\u0105cych uwierzytelniania w ramach stron internetowych;<\/li>\n<li>pliki &#8222;cookies&#8221; s\u0142u\u017c\u0105ce do zapewnienia bezpiecze\u0144stwa, np. wykorzystywane do wykrywania nadu\u017cy\u0107 w zakresie uwierzytelniania w ramach stron internetowych;<\/li>\n<li>\u201efunkcjonalne\u201d pliki &#8222;cookies&#8221;, umo\u017cliwiaj\u0105ce \u201ezapami\u0119tanie\u201d wybranych przez U\u017cytkownika ustawie\u0144 i personalizacj\u0119 interfejsu U\u017cytkownika, np. w zakresie wybranego j\u0119zyka lub regionu, z kt\u00f3rego pochodzi U\u017cytkownik, rozmiaru czcionki, wygl\u0105du strony internetowej itp.<\/li>\n<\/ul>\n<h3>&nbsp;<\/h3>\n<h3>Podstawy prawne przetwarzania<\/h3>\n<p>Dane mo\u017cemy przetwarza\u0107 na podstawie usprawiedliwionego celu administratora danych (art. 6 ust. 1 lit. f RODO).<\/p>\n<h3>&nbsp;<\/h3>\n<h3>Czy pliki &#8222;cookies&#8221; zawieraj\u0105 dane osobowe?<\/h3>\n<p>Dane osobowe gromadzone przy u\u017cyciu plik\u00f3w &#8222;cookies&#8221; mog\u0105 by\u0107 zbierane wy\u0142\u0105cznie w celu wykonywania okre\u015blonych funkcji na rzecz u\u017cytkownika. Takie dane s\u0105 zaszyfrowane w spos\u00f3b uniemo\u017cliwiaj\u0105cy dost\u0119p do nich osobom nieuprawnionym.<\/p>\n<h3>&nbsp;<\/h3>\n<h3>Jak d\u0142ugo b\u0119dziemy przetwarza\u0107 pliki &#8222;cookies&#8221;?<\/h3>\n<p>Pliki &#8222;cookies&#8221; b\u0119d\u0105 dzia\u0142a\u0107 do czasu ich usuni\u0119cia przez u\u017cytkownika.<\/p>\n<h3>&nbsp;<\/h3>\n<h3>Usuwanie plik\u00f3w &#8222;cookies&#8221;<\/h3>\n<p>Standardowo oprogramowanie s\u0142u\u017c\u0105ce do przegl\u0105dania stron internetowych domy\u015blnie dopuszcza umieszczanie plik\u00f3w &#8222;cookies&#8221; na urz\u0105dzeniu ko\u0144cowym. Ustawienia te mog\u0105 zosta\u0107 zmienione w taki spos\u00f3b, aby blokowa\u0107 automatyczn\u0105 obs\u0142ug\u0119 plik\u00f3w &#8222;cookies&#8221; w ustawieniach przegl\u0105darki internetowej b\u0105d\u017a informowa\u0107 o ich ka\u017cdorazowym przes\u0142aniu na urz\u0105dzenie u\u017cytkownika. Szczeg\u00f3\u0142owe informacje o mo\u017cliwo\u015bci i sposobach obs\u0142ugi plik\u00f3w &#8222;cookies&#8221; dost\u0119pne s\u0105 w ustawieniach oprogramowania (przegl\u0105darki internetowej).<\/p>\n<ul>\n<li>Edge edge:\/\/settings\/privacy<\/li>\n<li>FireFox about:preferences#privacy<\/li>\n<li>Opera opera:\/\/settings\/cookies<\/li>\n<li>Chrome chrome:\/\/settings\/privacy<\/li>\n<\/ul>\n<p>Ograniczenie stosowania plik\u00f3w &#8222;cookies&#8221; mo\u017ce wp\u0142yn\u0105\u0107 na niekt\u00f3re funkcjonalno\u015bci dost\u0119pne na stronie internetowej.<\/p>\n<h3>&nbsp;<\/h3>\n<h3>Jakie zabezpieczenia stosujemy na stronach?<\/h3>\n<p>Strony internetowe Operatora s\u0105 zaopatrzone w \u015brodki bezpiecze\u0144stwa, maj\u0105ce na celu ochron\u0119 danych pozostaj\u0105cych pod nasz\u0105 kontrol\u0105 przed ich utrat\u0105, niew\u0142a\u015bciwym wykorzystaniem czy modyfikacj\u0105. Zobowi\u0105zujemy si\u0119 chroni\u0107 wszelkie informacje ujawnione nam przez Klient\u00f3w zgodnie z normami ochrony bezpiecze\u0144stwa i zachowania poufno\u015bci.<\/p>\t\t\t\t\t\t\t\t<\/div>\n\t\t\t\t<\/div>\n\t\t\t\t\t<\/div>\n\t\t\t\t<\/div>\n\t\t\t\t<\/div>\n\t\t","protected":false},"excerpt":{"rendered":"<p>POLITYKA COOKIES Polityka plik\u00f3w &#8222;cookies&#8221; Niniejsza Polityka dotyczy plik\u00f3w &#8222;cookies&#8221; i odnosi si\u0119 do strony internetowej, kt\u00f3rej Operatorem jest TETOS S.A. z siedzib\u0105 w Poznaniu, Ul. Pastelowa 16, 60-198 Pozna\u0144, zarejestrowana w rejestrze przedsi\u0119biorc\u00f3w Krajowego Rejestru S\u0105dowego pod numerem KRS 0000025868 w S\u0105dzie Rejonowym Pozna\u0144 \u2013 Nowe Miasto i Wilda, VIII Wydzia\u0142 Gospodarczy &#8211; Krajowego [&hellip;]<\/p>\n","protected":false},"author":1,"featured_media":0,"parent":0,"menu_order":0,"comment_status":"closed","ping_status":"closed","template":"elementor_header_footer","meta":{"footnotes":""},"class_list":["post-619","page","type-page","status-publish","hentry"],"yoast_head":"<!-- This site is optimized with the Yoast SEO plugin v27.3 - https:\/\/yoast.com\/product\/yoast-seo-wordpress\/ -->\n<title>Polityka Cookies - TETOS SA<\/title>\n<meta name=\"robots\" content=\"index, follow, max-snippet:-1, max-image-preview:large, max-video-preview:-1\" \/>\n<link rel=\"canonical\" href=\"https:\/\/tetos.pl\/?page_id=619\" \/>\n<meta property=\"og:locale\" content=\"pl_PL\" \/>\n<meta property=\"og:type\" content=\"article\" \/>\n<meta property=\"og:title\" content=\"Polityka Cookies - TETOS SA\" \/>\n<meta property=\"og:description\" content=\"POLITYKA COOKIES Polityka plik\u00f3w &#8222;cookies&#8221; Niniejsza Polityka dotyczy plik\u00f3w &#8222;cookies&#8221; i odnosi si\u0119 do strony internetowej, kt\u00f3rej Operatorem jest TETOS S.A. z siedzib\u0105 w Poznaniu, Ul. Pastelowa 16, 60-198 Pozna\u0144, zarejestrowana w rejestrze przedsi\u0119biorc\u00f3w Krajowego Rejestru S\u0105dowego pod numerem KRS 0000025868 w S\u0105dzie Rejonowym Pozna\u0144 \u2013 Nowe Miasto i Wilda, VIII Wydzia\u0142 Gospodarczy &#8211; Krajowego [&hellip;]\" \/>\n<meta property=\"og:url\" content=\"https:\/\/tetos.pl\/?page_id=619\" \/>\n<meta property=\"og:site_name\" content=\"TETOS SA\" \/>\n<meta property=\"article:modified_time\" content=\"2024-10-29T09:31:20+00:00\" \/>\n<meta property=\"og:image\" content=\"https:\/\/tetos.pl\/wp-content\/uploads\/2024\/10\/header_mobile.webp\" \/>\n\t<meta property=\"og:image:width\" content=\"1500\" \/>\n\t<meta property=\"og:image:height\" content=\"1023\" \/>\n\t<meta property=\"og:image:type\" content=\"image\/webp\" \/>\n<meta name=\"twitter:card\" content=\"summary_large_image\" \/>\n<meta name=\"twitter:label1\" content=\"Szacowany czas czytania\" \/>\n\t<meta name=\"twitter:data1\" content=\"3 minuty\" \/>\n<script type=\"application\/ld+json\" class=\"yoast-schema-graph\">{\"@context\":\"https:\\\/\\\/schema.org\",\"@graph\":[{\"@type\":\"WebPage\",\"@id\":\"https:\\\/\\\/tetos.pl\\\/?page_id=619\",\"url\":\"https:\\\/\\\/tetos.pl\\\/?page_id=619\",\"name\":\"Polityka Cookies - TETOS SA\",\"isPartOf\":{\"@id\":\"https:\\\/\\\/tetos.pl\\\/#website\"},\"datePublished\":\"2024-10-15T08:35:47+00:00\",\"dateModified\":\"2024-10-29T09:31:20+00:00\",\"breadcrumb\":{\"@id\":\"https:\\\/\\\/tetos.pl\\\/?page_id=619#breadcrumb\"},\"inLanguage\":\"pl-PL\",\"potentialAction\":[{\"@type\":\"ReadAction\",\"target\":[\"https:\\\/\\\/tetos.pl\\\/?page_id=619\"]}]},{\"@type\":\"BreadcrumbList\",\"@id\":\"https:\\\/\\\/tetos.pl\\\/?page_id=619#breadcrumb\",\"itemListElement\":[{\"@type\":\"ListItem\",\"position\":1,\"name\":\"Strona g\u0142\u00f3wna\",\"item\":\"https:\\\/\\\/tetos.pl\\\/\"},{\"@type\":\"ListItem\",\"position\":2,\"name\":\"Polityka Cookies\"}]},{\"@type\":\"WebSite\",\"@id\":\"https:\\\/\\\/tetos.pl\\\/#website\",\"url\":\"https:\\\/\\\/tetos.pl\\\/\",\"name\":\"TETOS SA\",\"description\":\"\",\"potentialAction\":[{\"@type\":\"SearchAction\",\"target\":{\"@type\":\"EntryPoint\",\"urlTemplate\":\"https:\\\/\\\/tetos.pl\\\/?s={search_term_string}\"},\"query-input\":{\"@type\":\"PropertyValueSpecification\",\"valueRequired\":true,\"valueName\":\"search_term_string\"}}],\"inLanguage\":\"pl-PL\"}]}<\/script>\n<!-- \/ Yoast SEO plugin. -->","yoast_head_json":{"title":"Polityka Cookies - TETOS SA","robots":{"index":"index","follow":"follow","max-snippet":"max-snippet:-1","max-image-preview":"max-image-preview:large","max-video-preview":"max-video-preview:-1"},"canonical":"https:\/\/tetos.pl\/?page_id=619","og_locale":"pl_PL","og_type":"article","og_title":"Polityka Cookies - TETOS SA","og_description":"POLITYKA COOKIES Polityka plik\u00f3w &#8222;cookies&#8221; Niniejsza Polityka dotyczy plik\u00f3w &#8222;cookies&#8221; i odnosi si\u0119 do strony internetowej, kt\u00f3rej Operatorem jest TETOS S.A. z siedzib\u0105 w Poznaniu, Ul. Pastelowa 16, 60-198 Pozna\u0144, zarejestrowana w rejestrze przedsi\u0119biorc\u00f3w Krajowego Rejestru S\u0105dowego pod numerem KRS 0000025868 w S\u0105dzie Rejonowym Pozna\u0144 \u2013 Nowe Miasto i Wilda, VIII Wydzia\u0142 Gospodarczy &#8211; Krajowego [&hellip;]","og_url":"https:\/\/tetos.pl\/?page_id=619","og_site_name":"TETOS SA","article_modified_time":"2024-10-29T09:31:20+00:00","og_image":[{"width":1500,"height":1023,"url":"https:\/\/tetos.pl\/wp-content\/uploads\/2024\/10\/header_mobile.webp","type":"image\/webp"}],"twitter_card":"summary_large_image","twitter_misc":{"Szacowany czas czytania":"3 minuty"},"schema":{"@context":"https:\/\/schema.org","@graph":[{"@type":"WebPage","@id":"https:\/\/tetos.pl\/?page_id=619","url":"https:\/\/tetos.pl\/?page_id=619","name":"Polityka Cookies - TETOS SA","isPartOf":{"@id":"https:\/\/tetos.pl\/#website"},"datePublished":"2024-10-15T08:35:47+00:00","dateModified":"2024-10-29T09:31:20+00:00","breadcrumb":{"@id":"https:\/\/tetos.pl\/?page_id=619#breadcrumb"},"inLanguage":"pl-PL","potentialAction":[{"@type":"ReadAction","target":["https:\/\/tetos.pl\/?page_id=619"]}]},{"@type":"BreadcrumbList","@id":"https:\/\/tetos.pl\/?page_id=619#breadcrumb","itemListElement":[{"@type":"ListItem","position":1,"name":"Strona g\u0142\u00f3wna","item":"https:\/\/tetos.pl\/"},{"@type":"ListItem","position":2,"name":"Polityka Cookies"}]},{"@type":"WebSite","@id":"https:\/\/tetos.pl\/#website","url":"https:\/\/tetos.pl\/","name":"TETOS SA","description":"","potentialAction":[{"@type":"SearchAction","target":{"@type":"EntryPoint","urlTemplate":"https:\/\/tetos.pl\/?s={search_term_string}"},"query-input":{"@type":"PropertyValueSpecification","valueRequired":true,"valueName":"search_term_string"}}],"inLanguage":"pl-PL"}]}},"_links":{"self":[{"href":"https:\/\/tetos.pl\/index.php?rest_route=\/wp\/v2\/pages\/619","targetHints":{"allow":["GET"]}}],"collection":[{"href":"https:\/\/tetos.pl\/index.php?rest_route=\/wp\/v2\/pages"}],"about":[{"href":"https:\/\/tetos.pl\/index.php?rest_route=\/wp\/v2\/types\/page"}],"author":[{"embeddable":true,"href":"https:\/\/tetos.pl\/index.php?rest_route=\/wp\/v2\/users\/1"}],"replies":[{"embeddable":true,"href":"https:\/\/tetos.pl\/index.php?rest_route=%2Fwp%2Fv2%2Fcomments&post=619"}],"version-history":[{"count":16,"href":"https:\/\/tetos.pl\/index.php?rest_route=\/wp\/v2\/pages\/619\/revisions"}],"predecessor-version":[{"id":892,"href":"https:\/\/tetos.pl\/index.php?rest_route=\/wp\/v2\/pages\/619\/revisions\/892"}],"wp:attachment":[{"href":"https:\/\/tetos.pl\/index.php?rest_route=%2Fwp%2Fv2%2Fmedia&parent=619"}],"curies":[{"name":"wp","href":"https:\/\/api.w.org\/{rel}","templated":true}]}}