{"id":261,"date":"2024-10-14T10:41:07","date_gmt":"2024-10-14T08:41:07","guid":{"rendered":"http:\/\/tetos.pl\/?page_id=261"},"modified":"2024-11-20T14:11:59","modified_gmt":"2024-11-20T13:11:59","slug":"csirt","status":"publish","type":"page","link":"https:\/\/tetos.pl\/?page_id=261","title":{"rendered":"CSIRT"},"content":{"rendered":"\t\t<div data-elementor-type=\"wp-page\" data-elementor-id=\"261\" class=\"elementor elementor-261\">\n\t\t\t\t<div class=\"elementor-element elementor-element-24a4b78 e-grid e-con-full elementor-hidden-mobile elementor-hidden-tablet e-con e-parent\" data-id=\"24a4b78\" data-element_type=\"container\" data-e-type=\"container\">\n\t\t\t\t<div class=\"elementor-element elementor-element-404e9e5 elementor-widget elementor-widget-image\" data-id=\"404e9e5\" data-element_type=\"widget\" data-e-type=\"widget\" data-widget_type=\"image.default\">\n\t\t\t\t<div class=\"elementor-widget-container\">\n\t\t\t\t\t\t\t\t\t\t\t\t\t\t\t<img fetchpriority=\"high\" decoding=\"async\" width=\"1440\" height=\"582\" src=\"https:\/\/tetos.pl\/wp-content\/uploads\/2024\/10\/hero_sub-1.webp\" class=\"attachment-full size-full wp-image-355\" alt=\"\" srcset=\"https:\/\/tetos.pl\/wp-content\/uploads\/2024\/10\/hero_sub-1.webp 1440w, https:\/\/tetos.pl\/wp-content\/uploads\/2024\/10\/hero_sub-1-300x121.webp 300w, https:\/\/tetos.pl\/wp-content\/uploads\/2024\/10\/hero_sub-1-1024x414.webp 1024w, https:\/\/tetos.pl\/wp-content\/uploads\/2024\/10\/hero_sub-1-768x310.webp 768w\" sizes=\"(max-width: 1440px) 100vw, 1440px\" \/>\t\t\t\t\t\t\t\t\t\t\t\t\t\t\t<\/div>\n\t\t\t\t<\/div>\n\t\t\t\t<\/div>\n\t\t<div class=\"elementor-element elementor-element-17c8a60 e-grid e-con-full elementor-hidden-desktop e-con e-parent\" data-id=\"17c8a60\" data-element_type=\"container\" data-e-type=\"container\">\n\t\t\t\t<div class=\"elementor-element elementor-element-15a9ad8 elementor-widget elementor-widget-image\" data-id=\"15a9ad8\" data-element_type=\"widget\" data-e-type=\"widget\" data-widget_type=\"image.default\">\n\t\t\t\t<div class=\"elementor-widget-container\">\n\t\t\t\t\t\t\t\t\t\t\t\t\t\t\t<img decoding=\"async\" width=\"375\" height=\"256\" src=\"https:\/\/tetos.pl\/wp-content\/uploads\/2024\/10\/mobile_hero_sub2.webp\" class=\"attachment-full size-full wp-image-791\" alt=\"\" srcset=\"https:\/\/tetos.pl\/wp-content\/uploads\/2024\/10\/mobile_hero_sub2.webp 375w, https:\/\/tetos.pl\/wp-content\/uploads\/2024\/10\/mobile_hero_sub2-300x205.webp 300w\" sizes=\"(max-width: 375px) 100vw, 375px\" \/>\t\t\t\t\t\t\t\t\t\t\t\t\t\t\t<\/div>\n\t\t\t\t<\/div>\n\t\t\t\t<\/div>\n\t\t<div class=\"elementor-element elementor-element-49d7bc0 e-flex e-con-boxed e-con e-parent\" data-id=\"49d7bc0\" data-element_type=\"container\" data-e-type=\"container\">\n\t\t\t\t\t<div class=\"e-con-inner\">\n\t\t\t\t<div class=\"elementor-element elementor-element-2547e53 elementor-widget elementor-widget-heading\" data-id=\"2547e53\" data-element_type=\"widget\" data-e-type=\"widget\" data-widget_type=\"heading.default\">\n\t\t\t\t<div class=\"elementor-widget-container\">\n\t\t\t\t\t<h2 class=\"elementor-heading-title elementor-size-default\">CSIRT TETOS<\/h2>\t\t\t\t<\/div>\n\t\t\t\t<\/div>\n\t\t\t\t\t<\/div>\n\t\t\t\t<\/div>\n\t\t<div class=\"elementor-element elementor-element-d4dc5c2 e-flex e-con-boxed e-con e-parent\" data-id=\"d4dc5c2\" data-element_type=\"container\" data-e-type=\"container\">\n\t\t\t\t\t<div class=\"e-con-inner\">\n\t\t\t\t<div class=\"elementor-element elementor-element-570153d elementor-widget-divider--view-line elementor-widget elementor-widget-divider\" data-id=\"570153d\" data-element_type=\"widget\" data-e-type=\"widget\" data-widget_type=\"divider.default\">\n\t\t\t\t<div class=\"elementor-widget-container\">\n\t\t\t\t\t\t\t<div class=\"elementor-divider\">\n\t\t\t<span class=\"elementor-divider-separator\">\n\t\t\t\t\t\t<\/span>\n\t\t<\/div>\n\t\t\t\t\t\t<\/div>\n\t\t\t\t<\/div>\n\t\t\t\t\t<\/div>\n\t\t\t\t<\/div>\n\t\t<div class=\"elementor-element elementor-element-2399507 e-flex e-con-boxed e-con e-parent\" data-id=\"2399507\" data-element_type=\"container\" data-e-type=\"container\">\n\t\t\t\t\t<div class=\"e-con-inner\">\n\t\t\t\t\t<\/div>\n\t\t\t\t<\/div>\n\t\t<div class=\"elementor-element elementor-element-bc08dac e-flex e-con-boxed e-con e-parent\" data-id=\"bc08dac\" data-element_type=\"container\" data-e-type=\"container\">\n\t\t\t\t\t<div class=\"e-con-inner\">\n\t\t\t\t<div class=\"elementor-element elementor-element-0a2cce8 elementor-widget elementor-widget-text-editor\" data-id=\"0a2cce8\" data-element_type=\"widget\" data-e-type=\"widget\" data-widget_type=\"text-editor.default\">\n\t\t\t\t<div class=\"elementor-widget-container\">\n\t\t\t\t\t\t\t\t\t<p>CSIRT TETOS (ang. Computer Security Incident Response Team)&nbsp;<span style=\"font-size: 17px; font-weight: 400; text-align: center;\">to zesp\u00f3\u0142 reagowania na incydenty IT, kt\u00f3re mog\u0105 mie\u0107 wp\u0142yw na bezpiecze\u0144stwo \u015bwiadczonych us\u0142ug.\u2028<\/span><\/p>\n<p>Do zada\u0144 zespo\u0142u nale\u017cy te\u017c prowadzenie dzia\u0142alno\u015bci edukacyjnej i informacyjnej z zakresu obrony przed zagro\u017ceniami socjotechnicznymi.<\/p>\n<p>CSIRT TETOS jest jednym z pierwszych zespo\u0142\u00f3w typu CSIRT funkcjonuj\u0105cy w sektorze edukacyjnym w Polsce. Zg\u0142oszenia incydent\u00f3w prosimy przesy\u0142a\u0107 poczt\u0105 elektroniczn\u0105 na adres:<\/p>\t\t\t\t\t\t\t\t<\/div>\n\t\t\t\t<\/div>\n\t\t\t\t\t<\/div>\n\t\t\t\t<\/div>\n\t\t<div class=\"elementor-element elementor-element-1e6b6b3 e-flex e-con-boxed e-con e-parent\" data-id=\"1e6b6b3\" data-element_type=\"container\" data-e-type=\"container\">\n\t\t\t\t\t<div class=\"e-con-inner\">\n\t\t\t\t<div class=\"elementor-element elementor-element-59ffd99 elementor-position-inline-start elementor-view-default elementor-mobile-position-block-start elementor-widget elementor-widget-icon-box\" data-id=\"59ffd99\" data-element_type=\"widget\" data-e-type=\"widget\" data-widget_type=\"icon-box.default\">\n\t\t\t\t<div class=\"elementor-widget-container\">\n\t\t\t\t\t\t\t<div class=\"elementor-icon-box-wrapper\">\n\n\t\t\t\t\t\t<div class=\"elementor-icon-box-icon\">\n\t\t\t\t<a href=\"mailto:csirt@tetos.pl\" class=\"elementor-icon\" tabindex=\"-1\" aria-label=\"csirt@tetos.pl\">\n\t\t\t\t<svg xmlns=\"http:\/\/www.w3.org\/2000\/svg\" width=\"22\" height=\"19\" viewBox=\"0 0 22 19\" fill=\"none\"><path d=\"M1 4.58228L9.16492 10.2977C9.82609 10.7605 10.1567 10.9919 10.5163 11.0816C10.8339 11.1608 11.1661 11.1608 11.4837 11.0816C11.8433 10.9919 12.1739 10.7605 12.8351 10.2977L21 4.58228M5.8 17.5823H16.2C17.8802 17.5823 18.7202 17.5823 19.362 17.2553C19.9265 16.9677 20.3854 16.5087 20.673 15.9442C21 15.3025 21 14.4624 21 12.7823V6.38228C21 4.70212 21 3.86204 20.673 3.2203C20.3854 2.65582 19.9265 2.19688 19.362 1.90926C18.7202 1.58228 17.8802 1.58228 16.2 1.58228H5.8C4.11984 1.58228 3.27976 1.58228 2.63803 1.90926C2.07354 2.19688 1.6146 2.65582 1.32698 3.2203C1 3.86204 1 4.70212 1 6.38228V12.7823C1 14.4624 1 15.3025 1.32698 15.9442C1.6146 16.5087 2.07354 16.9677 2.63803 17.2553C3.27976 17.5823 4.11984 17.5823 5.8 17.5823Z\" stroke=\"#E47F00\" stroke-width=\"2\" stroke-linecap=\"round\" stroke-linejoin=\"round\"><\/path><\/svg>\t\t\t\t<\/a>\n\t\t\t<\/div>\n\t\t\t\n\t\t\t\t\t\t<div class=\"elementor-icon-box-content\">\n\n\t\t\t\t\t\t\t\t\t<h3 class=\"elementor-icon-box-title\">\n\t\t\t\t\t\t<a href=\"mailto:csirt@tetos.pl\" >\n\t\t\t\t\t\t\tcsirt@tetos.pl\t\t\t\t\t\t<\/a>\n\t\t\t\t\t<\/h3>\n\t\t\t\t\n\t\t\t\t\n\t\t\t<\/div>\n\t\t\t\n\t\t<\/div>\n\t\t\t\t\t\t<\/div>\n\t\t\t\t<\/div>\n\t\t\t\t\t<\/div>\n\t\t\t\t<\/div>\n\t\t\t\t<\/div>\n\t\t","protected":false},"excerpt":{"rendered":"<p>CSIRT TETOS CSIRT TETOS (ang. Computer Security Incident Response Team)&nbsp;to zesp\u00f3\u0142 reagowania na incydenty IT, kt\u00f3re mog\u0105 mie\u0107 wp\u0142yw na bezpiecze\u0144stwo \u015bwiadczonych us\u0142ug.\u2028 Do zada\u0144 zespo\u0142u nale\u017cy te\u017c prowadzenie dzia\u0142alno\u015bci edukacyjnej i informacyjnej z zakresu obrony przed zagro\u017ceniami socjotechnicznymi. CSIRT TETOS jest jednym z pierwszych zespo\u0142\u00f3w typu CSIRT funkcjonuj\u0105cy w sektorze edukacyjnym w Polsce. Zg\u0142oszenia [&hellip;]<\/p>\n","protected":false},"author":1,"featured_media":0,"parent":0,"menu_order":0,"comment_status":"closed","ping_status":"closed","template":"elementor_canvas","meta":{"footnotes":""},"class_list":["post-261","page","type-page","status-publish","hentry"],"yoast_head":"<!-- This site is optimized with the Yoast SEO plugin v27.3 - https:\/\/yoast.com\/product\/yoast-seo-wordpress\/ -->\n<title>CSIRT - TETOS SA<\/title>\n<meta name=\"description\" content=\"To zesp\u00f3\u0142 reagowania na incydenty IT, kt\u00f3re mog\u0105 mie\u0107 wp\u0142yw na bezpiecze\u0144stwo \u015bwiadczonych us\u0142ug.\u2028\" \/>\n<meta name=\"robots\" content=\"index, follow, max-snippet:-1, max-image-preview:large, max-video-preview:-1\" \/>\n<link rel=\"canonical\" href=\"https:\/\/tetos.pl\/?page_id=261\" \/>\n<meta property=\"og:locale\" content=\"pl_PL\" \/>\n<meta property=\"og:type\" content=\"article\" \/>\n<meta property=\"og:title\" content=\"CSIRT - TETOS SA\" \/>\n<meta property=\"og:description\" content=\"To zesp\u00f3\u0142 reagowania na incydenty IT, kt\u00f3re mog\u0105 mie\u0107 wp\u0142yw na bezpiecze\u0144stwo \u015bwiadczonych us\u0142ug.\u2028\" \/>\n<meta property=\"og:url\" content=\"https:\/\/tetos.pl\/?page_id=261\" \/>\n<meta property=\"og:site_name\" content=\"TETOS SA\" \/>\n<meta property=\"article:modified_time\" content=\"2024-11-20T13:11:59+00:00\" \/>\n<meta property=\"og:image\" content=\"https:\/\/tetos.pl\/wp-content\/uploads\/2024\/10\/mobile_hero_sub2.webp\" \/>\n\t<meta property=\"og:image:width\" content=\"375\" \/>\n\t<meta property=\"og:image:height\" content=\"256\" \/>\n\t<meta property=\"og:image:type\" content=\"image\/webp\" \/>\n<meta name=\"twitter:card\" content=\"summary_large_image\" \/>\n<script type=\"application\/ld+json\" class=\"yoast-schema-graph\">{\"@context\":\"https:\\\/\\\/schema.org\",\"@graph\":[{\"@type\":\"WebPage\",\"@id\":\"https:\\\/\\\/tetos.pl\\\/?page_id=261\",\"url\":\"https:\\\/\\\/tetos.pl\\\/?page_id=261\",\"name\":\"CSIRT - TETOS SA\",\"isPartOf\":{\"@id\":\"https:\\\/\\\/tetos.pl\\\/#website\"},\"primaryImageOfPage\":{\"@id\":\"https:\\\/\\\/tetos.pl\\\/?page_id=261#primaryimage\"},\"image\":{\"@id\":\"https:\\\/\\\/tetos.pl\\\/?page_id=261#primaryimage\"},\"thumbnailUrl\":\"https:\\\/\\\/tetos.pl\\\/wp-content\\\/uploads\\\/2024\\\/10\\\/hero_sub-1.webp\",\"datePublished\":\"2024-10-14T08:41:07+00:00\",\"dateModified\":\"2024-11-20T13:11:59+00:00\",\"description\":\"To zesp\u00f3\u0142 reagowania na incydenty IT, kt\u00f3re mog\u0105 mie\u0107 wp\u0142yw na bezpiecze\u0144stwo \u015bwiadczonych us\u0142ug.\\u2028\",\"breadcrumb\":{\"@id\":\"https:\\\/\\\/tetos.pl\\\/?page_id=261#breadcrumb\"},\"inLanguage\":\"pl-PL\",\"potentialAction\":[{\"@type\":\"ReadAction\",\"target\":[\"https:\\\/\\\/tetos.pl\\\/?page_id=261\"]}]},{\"@type\":\"ImageObject\",\"inLanguage\":\"pl-PL\",\"@id\":\"https:\\\/\\\/tetos.pl\\\/?page_id=261#primaryimage\",\"url\":\"https:\\\/\\\/tetos.pl\\\/wp-content\\\/uploads\\\/2024\\\/10\\\/hero_sub-1.webp\",\"contentUrl\":\"https:\\\/\\\/tetos.pl\\\/wp-content\\\/uploads\\\/2024\\\/10\\\/hero_sub-1.webp\",\"width\":1440,\"height\":582},{\"@type\":\"BreadcrumbList\",\"@id\":\"https:\\\/\\\/tetos.pl\\\/?page_id=261#breadcrumb\",\"itemListElement\":[{\"@type\":\"ListItem\",\"position\":1,\"name\":\"Strona g\u0142\u00f3wna\",\"item\":\"https:\\\/\\\/tetos.pl\\\/\"},{\"@type\":\"ListItem\",\"position\":2,\"name\":\"CSIRT\"}]},{\"@type\":\"WebSite\",\"@id\":\"https:\\\/\\\/tetos.pl\\\/#website\",\"url\":\"https:\\\/\\\/tetos.pl\\\/\",\"name\":\"TETOS SA\",\"description\":\"\",\"potentialAction\":[{\"@type\":\"SearchAction\",\"target\":{\"@type\":\"EntryPoint\",\"urlTemplate\":\"https:\\\/\\\/tetos.pl\\\/?s={search_term_string}\"},\"query-input\":{\"@type\":\"PropertyValueSpecification\",\"valueRequired\":true,\"valueName\":\"search_term_string\"}}],\"inLanguage\":\"pl-PL\"}]}<\/script>\n<!-- \/ Yoast SEO plugin. -->","yoast_head_json":{"title":"CSIRT - TETOS SA","description":"To zesp\u00f3\u0142 reagowania na incydenty IT, kt\u00f3re mog\u0105 mie\u0107 wp\u0142yw na bezpiecze\u0144stwo \u015bwiadczonych us\u0142ug.\u2028","robots":{"index":"index","follow":"follow","max-snippet":"max-snippet:-1","max-image-preview":"max-image-preview:large","max-video-preview":"max-video-preview:-1"},"canonical":"https:\/\/tetos.pl\/?page_id=261","og_locale":"pl_PL","og_type":"article","og_title":"CSIRT - TETOS SA","og_description":"To zesp\u00f3\u0142 reagowania na incydenty IT, kt\u00f3re mog\u0105 mie\u0107 wp\u0142yw na bezpiecze\u0144stwo \u015bwiadczonych us\u0142ug.\u2028","og_url":"https:\/\/tetos.pl\/?page_id=261","og_site_name":"TETOS SA","article_modified_time":"2024-11-20T13:11:59+00:00","og_image":[{"width":375,"height":256,"url":"https:\/\/tetos.pl\/wp-content\/uploads\/2024\/10\/mobile_hero_sub2.webp","type":"image\/webp"}],"twitter_card":"summary_large_image","schema":{"@context":"https:\/\/schema.org","@graph":[{"@type":"WebPage","@id":"https:\/\/tetos.pl\/?page_id=261","url":"https:\/\/tetos.pl\/?page_id=261","name":"CSIRT - TETOS SA","isPartOf":{"@id":"https:\/\/tetos.pl\/#website"},"primaryImageOfPage":{"@id":"https:\/\/tetos.pl\/?page_id=261#primaryimage"},"image":{"@id":"https:\/\/tetos.pl\/?page_id=261#primaryimage"},"thumbnailUrl":"https:\/\/tetos.pl\/wp-content\/uploads\/2024\/10\/hero_sub-1.webp","datePublished":"2024-10-14T08:41:07+00:00","dateModified":"2024-11-20T13:11:59+00:00","description":"To zesp\u00f3\u0142 reagowania na incydenty IT, kt\u00f3re mog\u0105 mie\u0107 wp\u0142yw na bezpiecze\u0144stwo \u015bwiadczonych us\u0142ug.\u2028","breadcrumb":{"@id":"https:\/\/tetos.pl\/?page_id=261#breadcrumb"},"inLanguage":"pl-PL","potentialAction":[{"@type":"ReadAction","target":["https:\/\/tetos.pl\/?page_id=261"]}]},{"@type":"ImageObject","inLanguage":"pl-PL","@id":"https:\/\/tetos.pl\/?page_id=261#primaryimage","url":"https:\/\/tetos.pl\/wp-content\/uploads\/2024\/10\/hero_sub-1.webp","contentUrl":"https:\/\/tetos.pl\/wp-content\/uploads\/2024\/10\/hero_sub-1.webp","width":1440,"height":582},{"@type":"BreadcrumbList","@id":"https:\/\/tetos.pl\/?page_id=261#breadcrumb","itemListElement":[{"@type":"ListItem","position":1,"name":"Strona g\u0142\u00f3wna","item":"https:\/\/tetos.pl\/"},{"@type":"ListItem","position":2,"name":"CSIRT"}]},{"@type":"WebSite","@id":"https:\/\/tetos.pl\/#website","url":"https:\/\/tetos.pl\/","name":"TETOS SA","description":"","potentialAction":[{"@type":"SearchAction","target":{"@type":"EntryPoint","urlTemplate":"https:\/\/tetos.pl\/?s={search_term_string}"},"query-input":{"@type":"PropertyValueSpecification","valueRequired":true,"valueName":"search_term_string"}}],"inLanguage":"pl-PL"}]}},"_links":{"self":[{"href":"https:\/\/tetos.pl\/index.php?rest_route=\/wp\/v2\/pages\/261","targetHints":{"allow":["GET"]}}],"collection":[{"href":"https:\/\/tetos.pl\/index.php?rest_route=\/wp\/v2\/pages"}],"about":[{"href":"https:\/\/tetos.pl\/index.php?rest_route=\/wp\/v2\/types\/page"}],"author":[{"embeddable":true,"href":"https:\/\/tetos.pl\/index.php?rest_route=\/wp\/v2\/users\/1"}],"replies":[{"embeddable":true,"href":"https:\/\/tetos.pl\/index.php?rest_route=%2Fwp%2Fv2%2Fcomments&post=261"}],"version-history":[{"count":61,"href":"https:\/\/tetos.pl\/index.php?rest_route=\/wp\/v2\/pages\/261\/revisions"}],"predecessor-version":[{"id":923,"href":"https:\/\/tetos.pl\/index.php?rest_route=\/wp\/v2\/pages\/261\/revisions\/923"}],"wp:attachment":[{"href":"https:\/\/tetos.pl\/index.php?rest_route=%2Fwp%2Fv2%2Fmedia&parent=261"}],"curies":[{"name":"wp","href":"https:\/\/api.w.org\/{rel}","templated":true}]}}